{"id":52,"date":"2016-10-31T11:37:23","date_gmt":"2016-10-31T10:37:23","guid":{"rendered":"http:\/\/www.mtc-longfei.com\/?page_id=52"},"modified":"2016-12-05T08:56:56","modified_gmt":"2016-12-05T07:56:56","slug":"la-medecine-chinoise","status":"publish","type":"page","link":"https:\/\/www.mtc-longfei.com\/","title":{"rendered":"La m\u00e9decine chinoise"},"content":{"rendered":"<p><strong><em>Les diverses pathologies qui peuvent \u00eatre trait\u00e9es\u00a0:<\/em><\/strong><\/p>\n<p><strong>Les maladies respiratoires\u00a0:<br \/>\n<\/strong>(Tuberculose pulmonaire, \u0153d\u00e8me pulmonaire, dyspn\u00e9e, trach\u00e9ite, toux etc&#8230;).<\/p>\n<p><strong>Les maladies des reins :<br \/>\n<\/strong>(N\u00e9phrose, prostatite, orchite, impuissance sexuelle, \u00e9jaculation nocturne incontr\u00f4l\u00e9e, \u00e9jaculation pr\u00e9coce, st\u00e9rilit\u00e9 chez l&rsquo;homme, mal aux reins, diab\u00e8te&#8230;.).<\/p>\n<p><strong>Les maladies de la vessie\u00a0:<br \/>\n<\/strong>(Prostatite, r\u00e9tention urinaire, sang dans les urines, pollakiurie, anurie&#8230;).<\/p>\n<p><strong>Les maladies gyn\u00e9cologiques\u00a0:<br \/>\n<\/strong>(R\u00e8gles douloureuses, pertes blanches, am\u00e9norrh\u00e9e, prurit vulvaire, descente de la matrice, hyst\u00e9rie, mammite aigu\u00eb, st\u00e9rilit\u00e9 f\u00e9minine, frigidit\u00e9, vomissements dus \u00e0 la grossesse,\u00a0 probl\u00e8mes d&rsquo;allaitement, sevrage&#8230;).<\/p>\n<p><strong>Les maladies du c\u0153ur et du sang\u00a0:<br \/>\n<\/strong>(Hypertension, hypotension, leuc\u00e9mie, an\u00e9mie, an\u00e9mie pernicieuse, varices, pelade&#8230;).<\/p>\n<p><strong>Les maladies digestives\u00a0:<br \/>\n<\/strong>(Inapp\u00e9tence, naus\u00e9es, vomissements, indigestion, ennuis gastriques, affections gastro-intestinales, ulc\u00e8re \u00e0 l&rsquo;estomac avec risque h\u00e9morragique, ob\u00e9sit\u00e9&#8230;).<\/p>\n<p><strong>Les maladies du foie et de la bile\u00a0:<br \/>\n<\/strong>(H\u00e9patite, h\u00e9patite virale ou infectieuse, ict\u00e8re, jaunisse, cirrhose, calculs biliaires, hernie&#8230;).<\/p>\n<p><strong>Les maladies de l&rsquo;intestin\u00a0:<br \/>\n<\/strong>(Douleurs abdominale, colite, hernie intestinale, d\u00e9f\u00e9cation involontaire&#8230;).<\/p>\n<p><strong>Les maladies O.R.L.\u00a0:<br \/>\n<\/strong>(Otite moyenne, otite interne, acouph\u00e8nes, surdit\u00e9, \u00e9coulement du nez, h\u00e9morragie nasale, nez bouch\u00e9, sinusite, laryngite, pharyngite, ophtalmie, cataracte&#8230;).<\/p>\n<p><strong>Les maladies de la peau\u00a0:<br \/>\n<\/strong>(Dermatose, ecz\u00e9ma, herp\u00e8s, gale, muguet, peau tr\u00e8s s\u00e8che, Teigne, psoriasis, scl\u00e9rodermie, vitiligo lupus ecz\u00e9mateux&#8230;).<\/p>\n<p><strong>Les maladies virales\u00a0:<br \/>\n<\/strong>(Grippe, fi\u00e8vre typho\u00efde, paludisme, malaria, dysenterie bacillaire, ascaridiose, ankylostome, schistosomiase, trichomonas&#8230;).<\/p>\n<p><strong>Les maladies de l&#8217;empoisonnement\u00a0:<br \/>\n<\/strong>(Intoxication, intoxication alimentaire, alcoolisme, acidose, saturnisme, maladie \u00e9pineuse, d\u00e9pendance \u00e0 la cigarette, \u00e0 l&rsquo;alcool, \u00e0 la drogue&#8230;).<\/p>\n<p><strong>Les maladies articulaires\u00a0:<br \/>\n<\/strong>(Arthrose, rhumatisme, sciatiques, entorses, foulures&#8230;).<\/p>\n<p><strong>Les maladies des yeux\u00a0:<br \/>\n<\/strong>(Conjonctivite, k\u00e9ratite, cataracte, trouble de la vue&#8230;)<\/p>\n","protected":false},"excerpt":{"rendered":"<p>Les diverses pathologies qui peuvent \u00eatre trait\u00e9es\u00a0: Les maladies respiratoires\u00a0: (Tuberculose pulmonaire, \u0153d\u00e8me pulmonaire, dyspn\u00e9e, trach\u00e9ite, toux etc&#8230;). Les maladies des reins : (N\u00e9phrose, prostatite, orchite, impuissance sexuelle, \u00e9jaculation nocturne incontr\u00f4l\u00e9e, \u00e9jaculation pr\u00e9coce, st\u00e9rilit\u00e9 chez l&rsquo;homme, mal aux reins, diab\u00e8te&#8230;.). Les maladies de la vessie\u00a0: (Prostatite, r\u00e9tention urinaire, sang dans les urines, pollakiurie, anurie&#8230;). Les &hellip; <a href=\"https:\/\/www.mtc-longfei.com\/\" class=\"more-link\">Continuer la lecture<span class=\"screen-reader-text\"> de &laquo;&nbsp;La m\u00e9decine chinoise&nbsp;&raquo;<\/span><\/a><\/p>\n","protected":false},"author":1,"featured_media":0,"parent":0,"menu_order":0,"comment_status":"closed","ping_status":"closed","template":"","meta":{"footnotes":""},"_links":{"self":[{"href":"https:\/\/www.mtc-longfei.com\/index.php?rest_route=\/wp\/v2\/pages\/52"}],"collection":[{"href":"https:\/\/www.mtc-longfei.com\/index.php?rest_route=\/wp\/v2\/pages"}],"about":[{"href":"https:\/\/www.mtc-longfei.com\/index.php?rest_route=\/wp\/v2\/types\/page"}],"author":[{"embeddable":true,"href":"https:\/\/www.mtc-longfei.com\/index.php?rest_route=\/wp\/v2\/users\/1"}],"replies":[{"embeddable":true,"href":"https:\/\/www.mtc-longfei.com\/index.php?rest_route=%2Fwp%2Fv2%2Fcomments&post=52"}],"version-history":[{"count":14,"href":"https:\/\/www.mtc-longfei.com\/index.php?rest_route=\/wp\/v2\/pages\/52\/revisions"}],"predecessor-version":[{"id":93,"href":"https:\/\/www.mtc-longfei.com\/index.php?rest_route=\/wp\/v2\/pages\/52\/revisions\/93"}],"wp:attachment":[{"href":"https:\/\/www.mtc-longfei.com\/index.php?rest_route=%2Fwp%2Fv2%2Fmedia&parent=52"}],"curies":[{"name":"wp","href":"https:\/\/api.w.org\/{rel}","templated":true}]}}