{"id":36,"date":"2016-10-18T22:48:46","date_gmt":"2016-10-18T20:48:46","guid":{"rendered":"http:\/\/www.mtc-longfei.com\/?page_id=36"},"modified":"2016-11-12T20:51:04","modified_gmt":"2016-11-12T19:51:04","slug":"presentation","status":"publish","type":"page","link":"https:\/\/www.mtc-longfei.com\/?page_id=36","title":{"rendered":"Le th\u00e9rapeute"},"content":{"rendered":"<p><em><img loading=\"lazy\" decoding=\"async\" class=\"alignnone size-medium wp-image-6\" src=\"http:\/\/www.mtc-longfei.com\/wp-content\/uploads\/2016\/10\/pierre.daviller@free.fr-160-300x200.jpg\" alt=\"pierre-davillerfree-fr-160\" width=\"300\" height=\"200\" srcset=\"https:\/\/www.mtc-longfei.com\/wp-content\/uploads\/2016\/10\/pierre.daviller@free.fr-160-300x200.jpg 300w, https:\/\/www.mtc-longfei.com\/wp-content\/uploads\/2016\/10\/pierre.daviller@free.fr-160-768x511.jpg 768w, https:\/\/www.mtc-longfei.com\/wp-content\/uploads\/2016\/10\/pierre.daviller@free.fr-160-1024x681.jpg 1024w, https:\/\/www.mtc-longfei.com\/wp-content\/uploads\/2016\/10\/pierre.daviller@free.fr-160-1200x798.jpg 1200w\" sizes=\"(max-width: 300px) 85vw, 300px\" \/>\u00a0<img loading=\"lazy\" decoding=\"async\" class=\"alignnone size-medium wp-image-75\" src=\"http:\/\/www.mtc-longfei.com\/wp-content\/uploads\/2016\/10\/pierre.daviller@free.fr-012-3-300x200.jpg\" alt=\"pierre-davillerfree-fr-012-3\" width=\"300\" height=\"200\" srcset=\"https:\/\/www.mtc-longfei.com\/wp-content\/uploads\/2016\/10\/pierre.daviller@free.fr-012-3-300x200.jpg 300w, https:\/\/www.mtc-longfei.com\/wp-content\/uploads\/2016\/10\/pierre.daviller@free.fr-012-3-768x511.jpg 768w, https:\/\/www.mtc-longfei.com\/wp-content\/uploads\/2016\/10\/pierre.daviller@free.fr-012-3-1024x681.jpg 1024w, https:\/\/www.mtc-longfei.com\/wp-content\/uploads\/2016\/10\/pierre.daviller@free.fr-012-3-1200x799.jpg 1200w\" sizes=\"(max-width: 300px) 85vw, 300px\" \/><\/em><\/p>\n<p><em>Longfei est issue d&rsquo;une famille de m\u00e9decins traditionnels chinois (grand-p\u00e8re et p\u00e8re), dont il re\u00e7oit les premiers enseignements d\u00e8s l&rsquo;\u00e2ge de 10 ans.<br \/>\n<\/em><em>Il est dipl\u00f4m\u00e9 en M\u00e9decine Traditionnelle Chinoise, province du Guizhou (Chine) en\u00a01982.<br \/>\nPendant 4 ans il continue de se former (sp\u00e9cialisations) au sein de l\u2019h\u00f4pital.<br \/>\n<\/em><em>Il s&rsquo;installe ensuite dans la province du Yunnan jusqu&rsquo;en 2001.<br \/>\nIl exerce la m\u00e9decine traditionnelle chinoise\u00a0en France, dans les Hautes-Alpes, depuis 2002.<\/em><\/p>\n","protected":false},"excerpt":{"rendered":"<p>\u00a0 Longfei est issue d&rsquo;une famille de m\u00e9decins traditionnels chinois (grand-p\u00e8re et p\u00e8re), dont il re\u00e7oit les premiers enseignements d\u00e8s l&rsquo;\u00e2ge de 10 ans. Il est dipl\u00f4m\u00e9 en M\u00e9decine Traditionnelle Chinoise, province du Guizhou (Chine) en\u00a01982. Pendant 4 ans il continue de se former (sp\u00e9cialisations) au sein de l\u2019h\u00f4pital. Il s&rsquo;installe ensuite dans la province &hellip; <a href=\"https:\/\/www.mtc-longfei.com\/?page_id=36\" class=\"more-link\">Continuer la lecture<span class=\"screen-reader-text\"> de &laquo;&nbsp;Le th\u00e9rapeute&nbsp;&raquo;<\/span><\/a><\/p>\n","protected":false},"author":1,"featured_media":0,"parent":0,"menu_order":0,"comment_status":"closed","ping_status":"closed","template":"","meta":{"footnotes":""},"_links":{"self":[{"href":"https:\/\/www.mtc-longfei.com\/index.php?rest_route=\/wp\/v2\/pages\/36"}],"collection":[{"href":"https:\/\/www.mtc-longfei.com\/index.php?rest_route=\/wp\/v2\/pages"}],"about":[{"href":"https:\/\/www.mtc-longfei.com\/index.php?rest_route=\/wp\/v2\/types\/page"}],"author":[{"embeddable":true,"href":"https:\/\/www.mtc-longfei.com\/index.php?rest_route=\/wp\/v2\/users\/1"}],"replies":[{"embeddable":true,"href":"https:\/\/www.mtc-longfei.com\/index.php?rest_route=%2Fwp%2Fv2%2Fcomments&post=36"}],"version-history":[{"count":10,"href":"https:\/\/www.mtc-longfei.com\/index.php?rest_route=\/wp\/v2\/pages\/36\/revisions"}],"predecessor-version":[{"id":85,"href":"https:\/\/www.mtc-longfei.com\/index.php?rest_route=\/wp\/v2\/pages\/36\/revisions\/85"}],"wp:attachment":[{"href":"https:\/\/www.mtc-longfei.com\/index.php?rest_route=%2Fwp%2Fv2%2Fmedia&parent=36"}],"curies":[{"name":"wp","href":"https:\/\/api.w.org\/{rel}","templated":true}]}}