{"id":2,"date":"2016-10-18T12:58:55","date_gmt":"2016-10-18T10:58:55","guid":{"rendered":"http:\/\/www.mtc-longfei.com\/?page_id=2"},"modified":"2017-01-31T21:09:58","modified_gmt":"2017-01-31T20:09:58","slug":"page-d-exemple","status":"publish","type":"page","link":"https:\/\/www.mtc-longfei.com\/?page_id=2","title":{"rendered":"Soins propos\u00e9s"},"content":{"rendered":"<p><strong>Consultation<br \/>\n<\/strong><img loading=\"lazy\" decoding=\"async\" class=\"wp-image-94 alignnone\" src=\"http:\/\/www.mtc-longfei.com\/wp-content\/uploads\/2016\/10\/pouls-300x225.jpg\" alt=\"pouls\" width=\"267\" height=\"200\" srcset=\"https:\/\/www.mtc-longfei.com\/wp-content\/uploads\/2016\/10\/pouls-300x225.jpg 300w, https:\/\/www.mtc-longfei.com\/wp-content\/uploads\/2016\/10\/pouls-768x576.jpg 768w, https:\/\/www.mtc-longfei.com\/wp-content\/uploads\/2016\/10\/pouls-1024x768.jpg 1024w, https:\/\/www.mtc-longfei.com\/wp-content\/uploads\/2016\/10\/pouls-1200x900.jpg 1200w, https:\/\/www.mtc-longfei.com\/wp-content\/uploads\/2016\/10\/pouls.jpg 2000w\" sizes=\"(max-width: 267px) 85vw, 267px\" \/><br \/>\n<span style=\"color: #000000;\">Prise du pouls chinois<\/span><br \/>\nObservation de la peau, de la langue, des yeux&#8230;<br \/>\nQuestions diverses concernant le patient<\/p>\n<ul>\n<li><strong>Bol tib\u00e9tain<\/strong><br \/>\n<img loading=\"lazy\" decoding=\"async\" class=\"alignnone wp-image-99\" src=\"http:\/\/www.mtc-longfei.com\/wp-content\/uploads\/2016\/10\/Bol-300x225.jpg\" alt=\"bol\" width=\"267\" height=\"200\" srcset=\"https:\/\/www.mtc-longfei.com\/wp-content\/uploads\/2016\/10\/Bol-300x225.jpg 300w, https:\/\/www.mtc-longfei.com\/wp-content\/uploads\/2016\/10\/Bol-768x576.jpg 768w, https:\/\/www.mtc-longfei.com\/wp-content\/uploads\/2016\/10\/Bol-1024x768.jpg 1024w, https:\/\/www.mtc-longfei.com\/wp-content\/uploads\/2016\/10\/Bol-1200x900.jpg 1200w, https:\/\/www.mtc-longfei.com\/wp-content\/uploads\/2016\/10\/Bol.jpg 2000w\" sizes=\"(max-width: 267px) 85vw, 267px\" \/><br \/>\nUtilis\u00e9 lors de la s\u00e9ance d&rsquo;acupuncture<\/li>\n<\/ul>\n<ul>\n<li><strong>Massage assis<\/strong><br \/>\n<img loading=\"lazy\" decoding=\"async\" class=\"alignnone wp-image-101\" src=\"http:\/\/www.mtc-longfei.com\/wp-content\/uploads\/2016\/10\/Massage-300x225.jpg\" alt=\"massage\" width=\"267\" height=\"200\" srcset=\"https:\/\/www.mtc-longfei.com\/wp-content\/uploads\/2016\/10\/Massage-300x225.jpg 300w, https:\/\/www.mtc-longfei.com\/wp-content\/uploads\/2016\/10\/Massage-768x576.jpg 768w, https:\/\/www.mtc-longfei.com\/wp-content\/uploads\/2016\/10\/Massage-1024x768.jpg 1024w, https:\/\/www.mtc-longfei.com\/wp-content\/uploads\/2016\/10\/Massage-1200x900.jpg 1200w, https:\/\/www.mtc-longfei.com\/wp-content\/uploads\/2016\/10\/Massage.jpg 2000w\" sizes=\"(max-width: 267px) 85vw, 267px\" \/><br \/>\nUtilis\u00e9 dans certains cas pr\u00e9cis de blocage physique<\/li>\n<\/ul>\n<ul>\n<li><strong>Acupuncture<\/strong><br \/>\n<img loading=\"lazy\" decoding=\"async\" class=\"alignnone wp-image-97\" src=\"http:\/\/www.mtc-longfei.com\/wp-content\/uploads\/2016\/10\/Acuponcture-225x300.jpg\" alt=\"acuponcture\" width=\"150\" height=\"200\" srcset=\"https:\/\/www.mtc-longfei.com\/wp-content\/uploads\/2016\/10\/Acuponcture-225x300.jpg 225w, https:\/\/www.mtc-longfei.com\/wp-content\/uploads\/2016\/10\/Acuponcture-768x1024.jpg 768w, https:\/\/www.mtc-longfei.com\/wp-content\/uploads\/2016\/10\/Acuponcture-1200x1600.jpg 1200w, https:\/\/www.mtc-longfei.com\/wp-content\/uploads\/2016\/10\/Acuponcture.jpg 1500w\" sizes=\"(max-width: 150px) 85vw, 150px\" \/><br \/>\nUtilis\u00e9e seule apr\u00e8s une br\u00e8ve consultation ou int\u00e9gr\u00e9e dans une s\u00e9ance compl\u00e8te d&rsquo;une heure et demie<\/li>\n<\/ul>\n<ul>\n<li><strong>Moxas<\/strong><br \/>\n<img loading=\"lazy\" decoding=\"async\" class=\"alignnone size-medium wp-image-117\" src=\"http:\/\/www.mtc-longfei.com\/wp-content\/uploads\/2016\/10\/moxa_2-300x184.jpg\" alt=\"moxa_2\" width=\"300\" height=\"184\" srcset=\"https:\/\/www.mtc-longfei.com\/wp-content\/uploads\/2016\/10\/moxa_2-300x184.jpg 300w, https:\/\/www.mtc-longfei.com\/wp-content\/uploads\/2016\/10\/moxa_2-768x470.jpg 768w, https:\/\/www.mtc-longfei.com\/wp-content\/uploads\/2016\/10\/moxa_2-1024x627.jpg 1024w, https:\/\/www.mtc-longfei.com\/wp-content\/uploads\/2016\/10\/moxa_2-1200x735.jpg 1200w, https:\/\/www.mtc-longfei.com\/wp-content\/uploads\/2016\/10\/moxa_2.jpg 2000w\" sizes=\"(max-width: 300px) 85vw, 300px\" \/><br \/>\nUtilis\u00e9s seuls ou avec l&rsquo;acupuncture, ces b\u00e2tonnets \u00e0 base d&rsquo;armoise procurent beaucoup de bien \u00eatre<br \/>\nStimulant les points d&rsquo;acupuncture ils pr\u00e9viennent et soulagent de nombreux maux<\/li>\n<\/ul>\n<ul>\n<li><strong>Pharmacop\u00e9e<\/strong><br \/>\n<img loading=\"lazy\" decoding=\"async\" class=\"alignnone size-medium wp-image-102\" src=\"http:\/\/www.mtc-longfei.com\/wp-content\/uploads\/2016\/10\/plantes_002-300x225.jpg\" alt=\"plantes_002\" width=\"300\" height=\"225\" srcset=\"https:\/\/www.mtc-longfei.com\/wp-content\/uploads\/2016\/10\/plantes_002-300x225.jpg 300w, https:\/\/www.mtc-longfei.com\/wp-content\/uploads\/2016\/10\/plantes_002-768x576.jpg 768w, https:\/\/www.mtc-longfei.com\/wp-content\/uploads\/2016\/10\/plantes_002-1024x768.jpg 1024w, https:\/\/www.mtc-longfei.com\/wp-content\/uploads\/2016\/10\/plantes_002-1200x900.jpg 1200w, https:\/\/www.mtc-longfei.com\/wp-content\/uploads\/2016\/10\/plantes_002.jpg 2000w\" sizes=\"(max-width: 300px) 85vw, 300px\" \/><br \/>\nLes plantes enti\u00e8res et s\u00e9ch\u00e9es sont utilis\u00e9es pour composer l&rsquo;ensemble de la d\u00e9coction<\/li>\n<\/ul>\n<ul>\n<li><strong>Alcool de plantes<\/strong><br \/>\n<img loading=\"lazy\" decoding=\"async\" class=\"alignnone wp-image-98\" src=\"http:\/\/www.mtc-longfei.com\/wp-content\/uploads\/2016\/10\/Bocaux-300x225.jpg\" alt=\"bocaux\" width=\"267\" height=\"200\" srcset=\"https:\/\/www.mtc-longfei.com\/wp-content\/uploads\/2016\/10\/Bocaux-300x225.jpg 300w, https:\/\/www.mtc-longfei.com\/wp-content\/uploads\/2016\/10\/Bocaux-768x576.jpg 768w, https:\/\/www.mtc-longfei.com\/wp-content\/uploads\/2016\/10\/Bocaux-1024x768.jpg 1024w, https:\/\/www.mtc-longfei.com\/wp-content\/uploads\/2016\/10\/Bocaux-1200x900.jpg 1200w, https:\/\/www.mtc-longfei.com\/wp-content\/uploads\/2016\/10\/Bocaux.jpg 2000w\" sizes=\"(max-width: 267px) 85vw, 267px\" \/><br \/>\nIci l&rsquo;alcool sert de conducteur aux plantes \u00e9quivalentes \u00e0 une d\u00e9coction<\/li>\n<\/ul>\n<ul>\n<li><strong>G\u00e9lules<\/strong><br \/>\n<img loading=\"lazy\" decoding=\"async\" class=\"alignnone wp-image-100\" src=\"http:\/\/www.mtc-longfei.com\/wp-content\/uploads\/2016\/10\/G\u00e9lules-300x225.jpg\" alt=\"gelules\" width=\"267\" height=\"200\" srcset=\"https:\/\/www.mtc-longfei.com\/wp-content\/uploads\/2016\/10\/G\u00e9lules-300x225.jpg 300w, https:\/\/www.mtc-longfei.com\/wp-content\/uploads\/2016\/10\/G\u00e9lules-768x576.jpg 768w, https:\/\/www.mtc-longfei.com\/wp-content\/uploads\/2016\/10\/G\u00e9lules-1024x768.jpg 1024w, https:\/\/www.mtc-longfei.com\/wp-content\/uploads\/2016\/10\/G\u00e9lules-1200x900.jpg 1200w, https:\/\/www.mtc-longfei.com\/wp-content\/uploads\/2016\/10\/G\u00e9lules.jpg 2000w\" sizes=\"(max-width: 267px) 85vw, 267px\" \/><br \/>\nUtilis\u00e9es soit en fin de traitement apr\u00e8s la d\u00e9coction ou pouvant remplacer certaines d\u00e9coctions difficiles \u00e0 boire<\/li>\n<\/ul>\n<ul>\n<li><strong>Poudres<\/strong><br \/>\n<img loading=\"lazy\" decoding=\"async\" class=\"alignnone size-medium wp-image-112\" src=\"http:\/\/www.mtc-longfei.com\/wp-content\/uploads\/2016\/10\/Poudres_low-300x225.jpg\" alt=\"poudres_low\" width=\"300\" height=\"225\" srcset=\"https:\/\/www.mtc-longfei.com\/wp-content\/uploads\/2016\/10\/Poudres_low-300x225.jpg 300w, https:\/\/www.mtc-longfei.com\/wp-content\/uploads\/2016\/10\/Poudres_low-768x576.jpg 768w, https:\/\/www.mtc-longfei.com\/wp-content\/uploads\/2016\/10\/Poudres_low-1024x768.jpg 1024w, https:\/\/www.mtc-longfei.com\/wp-content\/uploads\/2016\/10\/Poudres_low-1200x900.jpg 1200w, https:\/\/www.mtc-longfei.com\/wp-content\/uploads\/2016\/10\/Poudres_low.jpg 2000w\" sizes=\"(max-width: 300px) 85vw, 300px\" \/><br \/>\nA bases de plantes chinoises broy\u00e9es et pour la plupart conditionn\u00e9es en g\u00e9lules<\/li>\n<\/ul>\n<ul>\n<li><strong>Feng Shui<br \/>\n<\/strong><em><img loading=\"lazy\" decoding=\"async\" class=\"alignnone wp-image-114\" src=\"http:\/\/www.mtc-longfei.com\/wp-content\/uploads\/2016\/10\/yi_king.png\" alt=\"\" width=\"218\" height=\"209\" \/><span style=\"color: #ff0000;\">aaa<\/span>Bagua<\/em><\/li>\n<\/ul>\n<p><img loading=\"lazy\" decoding=\"async\" class=\"alignnone wp-image-137\" src=\"http:\/\/www.mtc-longfei.com\/wp-content\/uploads\/2016\/10\/boussole_2.png\" alt=\"\" width=\"227\" height=\"229\" \/><span style=\"color: #ff0000;\">a<\/span><em>Boussole<br \/>\n<span style=\"color: #ff0000;\">aaaaa<\/span><img loading=\"lazy\" decoding=\"async\" class=\"alignnone size-medium wp-image-169\" src=\"http:\/\/www.mtc-longfei.com\/wp-content\/uploads\/2016\/10\/ecriture_02.-136x300.png\" alt=\"\" width=\"136\" height=\"300\" srcset=\"https:\/\/www.mtc-longfei.com\/wp-content\/uploads\/2016\/10\/ecriture_02.-136x300.png 136w, https:\/\/www.mtc-longfei.com\/wp-content\/uploads\/2016\/10\/ecriture_02.-768x1696.png 768w, https:\/\/www.mtc-longfei.com\/wp-content\/uploads\/2016\/10\/ecriture_02.-464x1024.png 464w, https:\/\/www.mtc-longfei.com\/wp-content\/uploads\/2016\/10\/ecriture_02..png 1168w\" sizes=\"(max-width: 136px) 85vw, 136px\" \/><br \/>\n<\/em><\/p>\n<p><img loading=\"lazy\" decoding=\"async\" class=\"alignnone size-full wp-image-157\" src=\"http:\/\/www.mtc-longfei.com\/wp-content\/uploads\/2016\/10\/Fen-shui.png\" alt=\"\" width=\"280\" height=\"193\" \/><br \/>\nArt ancestral et science de la Chine mill\u00e9naire. Le terme Feng signifie Vent et Shui l&rsquo;Eau. Apparent\u00e9 en Occident, \u00e0 la g\u00e9omancie et g\u00e9obiologie.<br \/>\n<em>(Prospection de terrain, de la maison, du magasin, pour le construction)<\/em><\/p>\n<ul>\n<li><strong>Di\u00e9t\u00e9tique<\/strong><\/li>\n<li><strong>Ventouses<\/strong><\/li>\n<li><strong>Qi-Gong th\u00e9rapeutique<br \/>\n<\/strong><\/li>\n<\/ul>\n","protected":false},"excerpt":{"rendered":"<p>Consultation Prise du pouls chinois Observation de la peau, de la langue, des yeux&#8230; Questions diverses concernant le patient Bol tib\u00e9tain Utilis\u00e9 lors de la s\u00e9ance d&rsquo;acupuncture Massage assis Utilis\u00e9 dans certains cas pr\u00e9cis de blocage physique Acupuncture Utilis\u00e9e seule apr\u00e8s une br\u00e8ve consultation ou int\u00e9gr\u00e9e dans une s\u00e9ance compl\u00e8te d&rsquo;une heure et demie Moxas &hellip; <a href=\"https:\/\/www.mtc-longfei.com\/?page_id=2\" class=\"more-link\">Continuer la lecture<span class=\"screen-reader-text\"> de &laquo;&nbsp;Soins propos\u00e9s&nbsp;&raquo;<\/span><\/a><\/p>\n","protected":false},"author":1,"featured_media":0,"parent":0,"menu_order":0,"comment_status":"closed","ping_status":"closed","template":"","meta":{"footnotes":""},"_links":{"self":[{"href":"https:\/\/www.mtc-longfei.com\/index.php?rest_route=\/wp\/v2\/pages\/2"}],"collection":[{"href":"https:\/\/www.mtc-longfei.com\/index.php?rest_route=\/wp\/v2\/pages"}],"about":[{"href":"https:\/\/www.mtc-longfei.com\/index.php?rest_route=\/wp\/v2\/types\/page"}],"author":[{"embeddable":true,"href":"https:\/\/www.mtc-longfei.com\/index.php?rest_route=\/wp\/v2\/users\/1"}],"replies":[{"embeddable":true,"href":"https:\/\/www.mtc-longfei.com\/index.php?rest_route=%2Fwp%2Fv2%2Fcomments&post=2"}],"version-history":[{"count":59,"href":"https:\/\/www.mtc-longfei.com\/index.php?rest_route=\/wp\/v2\/pages\/2\/revisions"}],"predecessor-version":[{"id":175,"href":"https:\/\/www.mtc-longfei.com\/index.php?rest_route=\/wp\/v2\/pages\/2\/revisions\/175"}],"wp:attachment":[{"href":"https:\/\/www.mtc-longfei.com\/index.php?rest_route=%2Fwp%2Fv2%2Fmedia&parent=2"}],"curies":[{"name":"wp","href":"https:\/\/api.w.org\/{rel}","templated":true}]}}